{"id":1269,"date":"2013-06-09T09:59:54","date_gmt":"2013-06-09T09:59:54","guid":{"rendered":"https:\/\/2026.karrierecoaching.ch\/?page_id=1269"},"modified":"2026-04-06T14:30:48","modified_gmt":"2026-04-06T14:30:48","slug":"impressum","status":"publish","type":"page","link":"https:\/\/2026.karrierecoaching.ch\/en\/contact\/impressum\/","title":{"rendered":"Impressum"},"content":{"rendered":"<h2>Over all responsibility, content and text<\/h2>\n<p>PETER N\u00c4F karrierecoaching<br \/>\nM\u00fchlebachstrasse 43<br \/>\n8008 Z\u00fcrich<br \/>\n<span style=\"font-size: 12pt;\"><a href=\"mailto:peternaef@2023.karrierecoaching.ch\" target=\"_blank\" rel=\"noopener noreferrer\"><span style=\"font-family: arial, helvetica, sans-serif;\"> peternaef@2023.karrierecoaching.ch<\/span><\/a><br \/>\n<a href=\"https:\/\/2026.karrierecoaching.ch\" target=\"_blank\" rel=\"noopener noreferrer\">www.karrierecoaching.ch<\/a><\/span><\/p>\n<h2>Graphic design<\/h2>\n<p>Agentur Aufwind GmbH<br \/>\nHerrengasse 14<br \/>\n7000 Chur<span style=\"font-size: 12pt;\"><br \/>\n<a href=\"http:\/\/www.aufwind.net\" target=\"_blank\" rel=\"noopener noreferrer\">www.aufwind.net<\/a><\/span><\/p>\n<h2>Programming<\/h2>\n<p>ouwan gmbh<br \/>\nSt. Margrethenstrasse 14<br \/>\n7000 Chur<br \/>\n<a href=\"http:\/\/www.ouwan.ch\" target=\"_blank\" rel=\"noopener noreferrer\">www.ouwan.ch<\/a><\/p>\n<h2>Hosting<\/h2>\n<p>Metanet AG<br \/>\nHardstrasse 235<br \/>\n8005 Z\u00fcrich<br \/>\n<a href=\"http:\/\/www.metanet.ch\" target=\"_blank\" rel=\"noopener noreferrer\">www.metanet.ch<\/a><\/p>\n","protected":false},"excerpt":{"rendered":"<p>Over all responsibility, content and text PETER N\u00c4F karrierecoaching M\u00fchlebachstrasse 43 8008 Z\u00fcrich peternaef@2023.karrierecoaching.ch www.karrierecoaching.ch Graphic design Agentur Aufwind GmbH Herrengasse 14 7000 Chur www.aufwind.net Programming ouwan gmbh St. Margrethenstrasse 14 7000 Chur www.ouwan.ch Hosting Metanet AG Hardstrasse 235 8005 Z\u00fcrich www.metanet.ch<\/p>\n","protected":false},"author":1,"featured_media":0,"parent":1405,"menu_order":0,"comment_status":"closed","ping_status":"closed","template":"","meta":{"footnotes":""},"class_list":["post-1269","page","type-page","status-publish","hentry"],"yoast_head":"<!-- This site is optimized with the Yoast SEO plugin v20.3 - https:\/\/yoast.com\/wordpress\/plugins\/seo\/ -->\n<title>Impressum - Karrierecoaching - Peter N\u00e4f<\/title>\n<meta name=\"robots\" content=\"index, follow, max-snippet:-1, max-image-preview:large, max-video-preview:-1\" \/>\n<link rel=\"canonical\" href=\"https:\/\/2026.karrierecoaching.ch\/en\/contact\/impressum\/\" \/>\n<meta property=\"og:locale\" content=\"en_US\" \/>\n<meta property=\"og:type\" content=\"article\" \/>\n<meta property=\"og:title\" content=\"Impressum - Karrierecoaching - Peter N\u00e4f\" \/>\n<meta property=\"og:description\" content=\"Over all responsibility, content and text PETER N\u00c4F karrierecoaching M\u00fchlebachstrasse 43 8008 Z\u00fcrich peternaef@2023.karrierecoaching.ch www.karrierecoaching.ch Graphic design Agentur Aufwind GmbH Herrengasse 14 7000 Chur www.aufwind.net Programming ouwan gmbh St. Margrethenstrasse 14 7000 Chur www.ouwan.ch Hosting Metanet AG Hardstrasse 235 8005 Z\u00fcrich www.metanet.ch\" \/>\n<meta property=\"og:url\" content=\"https:\/\/2026.karrierecoaching.ch\/en\/contact\/impressum\/\" \/>\n<meta property=\"og:site_name\" content=\"Karrierecoaching - Peter N\u00e4f\" \/>\n<meta property=\"article:modified_time\" content=\"2026-04-06T14:30:48+00:00\" \/>\n<meta name=\"twitter:card\" content=\"summary_large_image\" \/>\n<meta name=\"twitter:label1\" content=\"Est. reading time\" \/>\n\t<meta name=\"twitter:data1\" content=\"1 minute\" \/>\n<script type=\"application\/ld+json\" class=\"yoast-schema-graph\">{\"@context\":\"https:\/\/schema.org\",\"@graph\":[{\"@type\":\"WebPage\",\"@id\":\"https:\/\/2026.karrierecoaching.ch\/en\/contact\/impressum\/\",\"url\":\"https:\/\/2026.karrierecoaching.ch\/en\/contact\/impressum\/\",\"name\":\"Impressum - Karrierecoaching - Peter N\u00e4f\",\"isPartOf\":{\"@id\":\"https:\/\/2026.karrierecoaching.ch\/en\/#website\"},\"datePublished\":\"2013-06-09T09:59:54+00:00\",\"dateModified\":\"2026-04-06T14:30:48+00:00\",\"breadcrumb\":{\"@id\":\"https:\/\/2026.karrierecoaching.ch\/en\/contact\/impressum\/#breadcrumb\"},\"inLanguage\":\"en-US\",\"potentialAction\":[{\"@type\":\"ReadAction\",\"target\":[\"https:\/\/2026.karrierecoaching.ch\/en\/contact\/impressum\/\"]}]},{\"@type\":\"BreadcrumbList\",\"@id\":\"https:\/\/2026.karrierecoaching.ch\/en\/contact\/impressum\/#breadcrumb\",\"itemListElement\":[{\"@type\":\"ListItem\",\"position\":1,\"name\":\"Startseite\",\"item\":\"https:\/\/2026.karrierecoaching.ch\/en\/\"},{\"@type\":\"ListItem\",\"position\":2,\"name\":\"Contact\",\"item\":\"https:\/\/2026.karrierecoaching.ch\/en\/contact\/\"},{\"@type\":\"ListItem\",\"position\":3,\"name\":\"Impressum\"}]},{\"@type\":\"WebSite\",\"@id\":\"https:\/\/2026.karrierecoaching.ch\/en\/#website\",\"url\":\"https:\/\/2026.karrierecoaching.ch\/en\/\",\"name\":\"Karrierecoaching - Peter N\u00e4f\",\"description\":\"| Outplacement | Coaching | Standortbestimmung | Bewerbungs- und Interviewcoaching\",\"publisher\":{\"@id\":\"https:\/\/2026.karrierecoaching.ch\/en\/#organization\"},\"potentialAction\":[{\"@type\":\"SearchAction\",\"target\":{\"@type\":\"EntryPoint\",\"urlTemplate\":\"https:\/\/2026.karrierecoaching.ch\/en\/?s={search_term_string}\"},\"query-input\":\"required name=search_term_string\"}],\"inLanguage\":\"en-US\"},{\"@type\":\"Organization\",\"@id\":\"https:\/\/2026.karrierecoaching.ch\/en\/#organization\",\"name\":\"karrierecoaching Peter N\u00e4f\",\"url\":\"https:\/\/2026.karrierecoaching.ch\/en\/\",\"logo\":{\"@type\":\"ImageObject\",\"inLanguage\":\"en-US\",\"@id\":\"https:\/\/2026.karrierecoaching.ch\/en\/#\/schema\/logo\/image\/\",\"url\":\"https:\/\/2026.karrierecoaching.ch\/wp-content\/uploads\/2020\/04\/logo_small.png\",\"contentUrl\":\"https:\/\/2026.karrierecoaching.ch\/wp-content\/uploads\/2020\/04\/logo_small.png\",\"width\":421,\"height\":113,\"caption\":\"karrierecoaching Peter N\u00e4f\"},\"image\":{\"@id\":\"https:\/\/2026.karrierecoaching.ch\/en\/#\/schema\/logo\/image\/\"}}]}<\/script>\n<!-- \/ Yoast SEO plugin. -->","yoast_head_json":{"title":"Impressum - Karrierecoaching - Peter N\u00e4f","robots":{"index":"index","follow":"follow","max-snippet":"max-snippet:-1","max-image-preview":"max-image-preview:large","max-video-preview":"max-video-preview:-1"},"canonical":"https:\/\/2026.karrierecoaching.ch\/en\/contact\/impressum\/","og_locale":"en_US","og_type":"article","og_title":"Impressum - Karrierecoaching - Peter N\u00e4f","og_description":"Over all responsibility, content and text PETER N\u00c4F karrierecoaching M\u00fchlebachstrasse 43 8008 Z\u00fcrich peternaef@2023.karrierecoaching.ch www.karrierecoaching.ch Graphic design Agentur Aufwind GmbH Herrengasse 14 7000 Chur www.aufwind.net Programming ouwan gmbh St. Margrethenstrasse 14 7000 Chur www.ouwan.ch Hosting Metanet AG Hardstrasse 235 8005 Z\u00fcrich www.metanet.ch","og_url":"https:\/\/2026.karrierecoaching.ch\/en\/contact\/impressum\/","og_site_name":"Karrierecoaching - Peter N\u00e4f","article_modified_time":"2026-04-06T14:30:48+00:00","twitter_card":"summary_large_image","twitter_misc":{"Est. reading time":"1 minute"},"schema":{"@context":"https:\/\/schema.org","@graph":[{"@type":"WebPage","@id":"https:\/\/2026.karrierecoaching.ch\/en\/contact\/impressum\/","url":"https:\/\/2026.karrierecoaching.ch\/en\/contact\/impressum\/","name":"Impressum - Karrierecoaching - Peter N\u00e4f","isPartOf":{"@id":"https:\/\/2026.karrierecoaching.ch\/en\/#website"},"datePublished":"2013-06-09T09:59:54+00:00","dateModified":"2026-04-06T14:30:48+00:00","breadcrumb":{"@id":"https:\/\/2026.karrierecoaching.ch\/en\/contact\/impressum\/#breadcrumb"},"inLanguage":"en-US","potentialAction":[{"@type":"ReadAction","target":["https:\/\/2026.karrierecoaching.ch\/en\/contact\/impressum\/"]}]},{"@type":"BreadcrumbList","@id":"https:\/\/2026.karrierecoaching.ch\/en\/contact\/impressum\/#breadcrumb","itemListElement":[{"@type":"ListItem","position":1,"name":"Startseite","item":"https:\/\/2026.karrierecoaching.ch\/en\/"},{"@type":"ListItem","position":2,"name":"Contact","item":"https:\/\/2026.karrierecoaching.ch\/en\/contact\/"},{"@type":"ListItem","position":3,"name":"Impressum"}]},{"@type":"WebSite","@id":"https:\/\/2026.karrierecoaching.ch\/en\/#website","url":"https:\/\/2026.karrierecoaching.ch\/en\/","name":"Karrierecoaching - Peter N\u00e4f","description":"| Outplacement | Coaching | Standortbestimmung | Bewerbungs- und Interviewcoaching","publisher":{"@id":"https:\/\/2026.karrierecoaching.ch\/en\/#organization"},"potentialAction":[{"@type":"SearchAction","target":{"@type":"EntryPoint","urlTemplate":"https:\/\/2026.karrierecoaching.ch\/en\/?s={search_term_string}"},"query-input":"required name=search_term_string"}],"inLanguage":"en-US"},{"@type":"Organization","@id":"https:\/\/2026.karrierecoaching.ch\/en\/#organization","name":"karrierecoaching Peter N\u00e4f","url":"https:\/\/2026.karrierecoaching.ch\/en\/","logo":{"@type":"ImageObject","inLanguage":"en-US","@id":"https:\/\/2026.karrierecoaching.ch\/en\/#\/schema\/logo\/image\/","url":"https:\/\/2026.karrierecoaching.ch\/wp-content\/uploads\/2020\/04\/logo_small.png","contentUrl":"https:\/\/2026.karrierecoaching.ch\/wp-content\/uploads\/2020\/04\/logo_small.png","width":421,"height":113,"caption":"karrierecoaching Peter N\u00e4f"},"image":{"@id":"https:\/\/2026.karrierecoaching.ch\/en\/#\/schema\/logo\/image\/"}}]}},"_links":{"self":[{"href":"https:\/\/2026.karrierecoaching.ch\/en\/wp-json\/wp\/v2\/pages\/1269","targetHints":{"allow":["GET"]}}],"collection":[{"href":"https:\/\/2026.karrierecoaching.ch\/en\/wp-json\/wp\/v2\/pages"}],"about":[{"href":"https:\/\/2026.karrierecoaching.ch\/en\/wp-json\/wp\/v2\/types\/page"}],"author":[{"embeddable":true,"href":"https:\/\/2026.karrierecoaching.ch\/en\/wp-json\/wp\/v2\/users\/1"}],"replies":[{"embeddable":true,"href":"https:\/\/2026.karrierecoaching.ch\/en\/wp-json\/wp\/v2\/comments?post=1269"}],"version-history":[{"count":1,"href":"https:\/\/2026.karrierecoaching.ch\/en\/wp-json\/wp\/v2\/pages\/1269\/revisions"}],"predecessor-version":[{"id":14527,"href":"https:\/\/2026.karrierecoaching.ch\/en\/wp-json\/wp\/v2\/pages\/1269\/revisions\/14527"}],"up":[{"embeddable":true,"href":"https:\/\/2026.karrierecoaching.ch\/en\/wp-json\/wp\/v2\/pages\/1405"}],"wp:attachment":[{"href":"https:\/\/2026.karrierecoaching.ch\/en\/wp-json\/wp\/v2\/media?parent=1269"}],"curies":[{"name":"wp","href":"https:\/\/api.w.org\/{rel}","templated":true}]}}